{"id":966,"date":"2025-12-11T00:00:04","date_gmt":"2025-12-11T00:00:04","guid":{"rendered":"https:\/\/esenciacosmetica.com\/?post_type=product&#038;p=966"},"modified":"2025-12-11T00:05:17","modified_gmt":"2025-12-11T00:05:17","slug":"romero-jojoba-100gr","status":"publish","type":"product","link":"https:\/\/esenciacosmetica.com\/?product=romero-jojoba-100gr","title":{"rendered":"Romero &#038; Jojoba 100gr"},"content":{"rendered":"<p class=\"p1\"><strong>BENEFICIOS<\/strong><\/p>\n<p class=\"p2\"><strong>Jojoba:<\/strong> El aceite de jojoba puede cumplir una funci\u00f3n regulador de la secreci\u00f3n de grasa o sebo en el cuero cabelludo,<\/p>\n<p class=\"p2\">conservando adem\u00e1s su pH y combatiendo la caspa.<\/p>\n<p class=\"p2\"><strong>Aceite de Romero:<\/strong> Estimula la circulaci\u00f3n propiciando el crecimiento, fortaleciendo las ra\u00edces y mejorando la estructura<\/p>\n<p class=\"p2\">capilar del pelo fino y quebradizo. Adem\u00e1s, favorece la oxigenaci\u00f3n de los fol\u00edculos pilares del cuero cabelludo y a la vez<\/p>\n<p class=\"p2\">que estimula el crecimiento, frena la ca\u00edda. Propiedades antif\u00fangicas <strong>pueden ayudar a prevenir la caspa.<\/strong><\/p>\n","protected":false},"excerpt":{"rendered":"<p>BENEFICIOS Jojoba: El aceite de jojoba puede cumplir una funci\u00f3n regulador de la secreci\u00f3n de grasa o sebo en el cuero cabelludo, conservando adem\u00e1s su pH y combatiendo la caspa. Aceite de Romero: Estimula la circulaci\u00f3n propiciando el crecimiento, fortaleciendo las ra\u00edces y mejorando la estructura capilar del pelo fino y quebradizo. Adem\u00e1s, favorece la [&hellip;]<\/p>\n","protected":false},"featured_media":0,"template":"","meta":[],"product_brand":[],"product_cat":[76],"product_tag":[],"class_list":{"0":"post-966","1":"product","2":"type-product","3":"status-publish","5":"product_cat-shampoo-solido","7":"first","8":"instock","9":"shipping-taxable","10":"purchasable","11":"product-type-simple"},"jetpack_sharing_enabled":true,"_links":{"self":[{"href":"https:\/\/esenciacosmetica.com\/index.php?rest_route=\/wp\/v2\/product\/966","targetHints":{"allow":["GET"]}}],"collection":[{"href":"https:\/\/esenciacosmetica.com\/index.php?rest_route=\/wp\/v2\/product"}],"about":[{"href":"https:\/\/esenciacosmetica.com\/index.php?rest_route=\/wp\/v2\/types\/product"}],"wp:attachment":[{"href":"https:\/\/esenciacosmetica.com\/index.php?rest_route=%2Fwp%2Fv2%2Fmedia&parent=966"}],"wp:term":[{"taxonomy":"product_brand","embeddable":true,"href":"https:\/\/esenciacosmetica.com\/index.php?rest_route=%2Fwp%2Fv2%2Fproduct_brand&post=966"},{"taxonomy":"product_cat","embeddable":true,"href":"https:\/\/esenciacosmetica.com\/index.php?rest_route=%2Fwp%2Fv2%2Fproduct_cat&post=966"},{"taxonomy":"product_tag","embeddable":true,"href":"https:\/\/esenciacosmetica.com\/index.php?rest_route=%2Fwp%2Fv2%2Fproduct_tag&post=966"}],"curies":[{"name":"wp","href":"https:\/\/api.w.org\/{rel}","templated":true}]}}