{"id":962,"date":"2025-12-10T23:57:54","date_gmt":"2025-12-10T23:57:54","guid":{"rendered":"https:\/\/esenciacosmetica.com\/?post_type=product&#038;p=962"},"modified":"2025-12-11T00:11:01","modified_gmt":"2025-12-11T00:11:01","slug":"spray-citronela-limon-cristales-150ml","status":"publish","type":"product","link":"https:\/\/esenciacosmetica.com\/?product=spray-citronela-limon-cristales-150ml","title":{"rendered":"Spray Citronela, Lim\u00f3n &#038; Cristales 150ml"},"content":{"rendered":"<p class=\"p1\"><strong>USO<\/strong><\/p>\n<p class=\"p2\"><strong>Ambiental y sobre telas<\/strong><\/p>\n<p class=\"p2\"><strong>Cristales:<\/strong> Cuarzo cristal: Limpieza energ\u00e9tica en espacios<\/p>\n<p class=\"p2\"><strong>Cuarzo verde:<\/strong> Proporciona calma, estabilidad.<\/p>\n<p class=\"p2\">Trabaja a trav\u00e9s del chakra coraz\u00f3n<\/p>\n<p class=\"p2\"><strong>Cornalina:<\/strong> Calmar tenciones, claridad mental<\/p>\n<p class=\"p2\"><strong>Composici\u00f3n:<\/strong><\/p>\n<p class=\"p2\">Aceite esencial de lim\u00f3n<\/p>\n<p class=\"p2\">Aceite esencial citronela<\/p>\n<p class=\"p2\">Cristales<\/p>\n","protected":false},"excerpt":{"rendered":"<p>USO Ambiental y sobre telas Cristales: Cuarzo cristal: Limpieza energ\u00e9tica en espacios Cuarzo verde: Proporciona calma, estabilidad. Trabaja a trav\u00e9s del chakra coraz\u00f3n Cornalina: Calmar tenciones, claridad mental Composici\u00f3n: Aceite esencial de lim\u00f3n Aceite esencial citronela Cristales<\/p>\n","protected":false},"featured_media":928,"template":"","meta":[],"product_brand":[],"product_cat":[75],"product_tag":[],"class_list":{"0":"post-962","1":"product","2":"type-product","3":"status-publish","4":"has-post-thumbnail","6":"product_cat-spray-ambiental-telas","8":"first","9":"instock","10":"featured","11":"shipping-taxable","12":"purchasable","13":"product-type-simple"},"jetpack_sharing_enabled":true,"_links":{"self":[{"href":"https:\/\/esenciacosmetica.com\/index.php?rest_route=\/wp\/v2\/product\/962","targetHints":{"allow":["GET"]}}],"collection":[{"href":"https:\/\/esenciacosmetica.com\/index.php?rest_route=\/wp\/v2\/product"}],"about":[{"href":"https:\/\/esenciacosmetica.com\/index.php?rest_route=\/wp\/v2\/types\/product"}],"wp:featuredmedia":[{"embeddable":true,"href":"https:\/\/esenciacosmetica.com\/index.php?rest_route=\/wp\/v2\/media\/928"}],"wp:attachment":[{"href":"https:\/\/esenciacosmetica.com\/index.php?rest_route=%2Fwp%2Fv2%2Fmedia&parent=962"}],"wp:term":[{"taxonomy":"product_brand","embeddable":true,"href":"https:\/\/esenciacosmetica.com\/index.php?rest_route=%2Fwp%2Fv2%2Fproduct_brand&post=962"},{"taxonomy":"product_cat","embeddable":true,"href":"https:\/\/esenciacosmetica.com\/index.php?rest_route=%2Fwp%2Fv2%2Fproduct_cat&post=962"},{"taxonomy":"product_tag","embeddable":true,"href":"https:\/\/esenciacosmetica.com\/index.php?rest_route=%2Fwp%2Fv2%2Fproduct_tag&post=962"}],"curies":[{"name":"wp","href":"https:\/\/api.w.org\/{rel}","templated":true}]}}