{"id":924,"date":"2025-12-10T23:39:20","date_gmt":"2025-12-10T23:39:20","guid":{"rendered":"https:\/\/esenciacosmetica.com\/?post_type=product&#038;p=924"},"modified":"2025-12-10T23:39:40","modified_gmt":"2025-12-10T23:39:40","slug":"crema-lavanda-mandarina-50ml","status":"publish","type":"product","link":"https:\/\/esenciacosmetica.com\/?product=crema-lavanda-mandarina-50ml","title":{"rendered":"Crema Lavanda &#038; Mandarina 50ml"},"content":{"rendered":"<p class=\"p1\"><strong>Aceite de Mandarina:<\/strong> Propiedades antis\u00e9pticas, antiinflamatorias, y antioxidantes. Es relajante, y estimula el \u00e1nimo.<\/p>\n<p class=\"p1\"><strong>Aceite de Lavanda:<\/strong> Propiedades sedantes, antiinflamatorias, antibacterianas, cicatrizantes, antis\u00e9pticas.<\/p>\n<p class=\"p1\">Es astringente, antioxidante y antimicrobiana.<\/p>\n<p class=\"p1\"><strong>Aceite de Jojoba:<\/strong> Propiedades para hidratar, equilibrar y proteger la piel.<\/p>\n<p class=\"p1\"><strong>Rico en vitaminas:<\/strong> A, B, B1, C y E. Favorece la producci\u00f3n de col\u00e1geno, mejorando la elasticidad de la piel.<\/p>\n","protected":false},"excerpt":{"rendered":"<p>Aceite de Mandarina: Propiedades antis\u00e9pticas, antiinflamatorias, y antioxidantes. Es relajante, y estimula el \u00e1nimo. Aceite de Lavanda: Propiedades sedantes, antiinflamatorias, antibacterianas, cicatrizantes, antis\u00e9pticas. Es astringente, antioxidante y antimicrobiana. Aceite de Jojoba: Propiedades para hidratar, equilibrar y proteger la piel. Rico en vitaminas: A, B, B1, C y E. Favorece la producci\u00f3n de col\u00e1geno, mejorando la [&hellip;]<\/p>\n","protected":false},"featured_media":0,"template":"","meta":[],"product_brand":[],"product_cat":[72],"product_tag":[],"class_list":{"0":"post-924","1":"product","2":"type-product","3":"status-publish","5":"product_cat-cremas","7":"first","8":"instock","9":"shipping-taxable","10":"purchasable","11":"product-type-simple"},"jetpack_sharing_enabled":true,"_links":{"self":[{"href":"https:\/\/esenciacosmetica.com\/index.php?rest_route=\/wp\/v2\/product\/924","targetHints":{"allow":["GET"]}}],"collection":[{"href":"https:\/\/esenciacosmetica.com\/index.php?rest_route=\/wp\/v2\/product"}],"about":[{"href":"https:\/\/esenciacosmetica.com\/index.php?rest_route=\/wp\/v2\/types\/product"}],"wp:attachment":[{"href":"https:\/\/esenciacosmetica.com\/index.php?rest_route=%2Fwp%2Fv2%2Fmedia&parent=924"}],"wp:term":[{"taxonomy":"product_brand","embeddable":true,"href":"https:\/\/esenciacosmetica.com\/index.php?rest_route=%2Fwp%2Fv2%2Fproduct_brand&post=924"},{"taxonomy":"product_cat","embeddable":true,"href":"https:\/\/esenciacosmetica.com\/index.php?rest_route=%2Fwp%2Fv2%2Fproduct_cat&post=924"},{"taxonomy":"product_tag","embeddable":true,"href":"https:\/\/esenciacosmetica.com\/index.php?rest_route=%2Fwp%2Fv2%2Fproduct_tag&post=924"}],"curies":[{"name":"wp","href":"https:\/\/api.w.org\/{rel}","templated":true}]}}