{"id":923,"date":"2025-12-10T23:33:40","date_gmt":"2025-12-10T23:33:40","guid":{"rendered":"https:\/\/esenciacosmetica.com\/?post_type=product&#038;p=923"},"modified":"2025-12-10T23:34:50","modified_gmt":"2025-12-10T23:34:50","slug":"cremas-de-clavo-de-olor-500ml","status":"publish","type":"product","link":"https:\/\/esenciacosmetica.com\/?product=cremas-de-clavo-de-olor-500ml","title":{"rendered":"Cremas de Clavo de Olor 500ml"},"content":{"rendered":"<p class=\"p1\"><strong>\u201cBienestar natural para tu cuerpo Mu\u00e9vete libremente sin dolor\u201d<\/strong><\/p>\n<p class=\"p1\"><strong>Cal\u00e9ndula:<\/strong> propiedades antiinflamatorias, antis\u00e9pticas, cicatrizantes y calmantes<\/p>\n<p class=\"p1\"><strong>Mentol:<\/strong> Act\u00faa como analg\u00e9sico t\u00f3pico leve: reducemolestias musculares, articulares o dolores de cabeza..<\/p>\n<p class=\"p1\"><strong>Acci\u00f3n Antiinflamatoria:<\/strong>\u00a0Estimula la circulaci\u00f3n (Favorece el flujo sangu\u00edneo local, acelerando la recuperaci\u00f3n muscular y reduciendo la sensaci\u00f3n de pesadez)<\/p>\n<p class=\"p1\"><strong>Efecto Calmante y Antipruriginoso<\/strong><\/p>\n<p class=\"p1\">CLAVO DE OLOR: : Efecto Analg\u00e9sico Natural (Alivia dolores musculares y articulares gracias a su compuesto activo, el eugenol).<\/p>\n<p class=\"p1\"><strong>Acci\u00f3n Antiinflamatoria<\/strong> ( Reduce la inflamaci\u00f3n en tejidos da\u00f1ados o sobrecargados.).<\/p>\n<p class=\"p1\"><strong>Estimulaci\u00f3n de la Circulaci\u00f3n.<\/strong><\/p>\n<p class=\"p1\">Ayuda a reducir espasmos o calambres musculares.<\/p>\n<p class=\"p1\"><strong>\u00c1rnica:<\/strong> Reduce la inflamaci\u00f3n, disminuir el dolor y actuar como antibi\u00f3ticos.<\/p>\n<p class=\"p2\">Recomendado para dolores musculares y articulares, y enfermedades reumatol\u00f3gicas como Artritis, Artrosis,<\/p>\n<p class=\"p2\"><strong>Fibromialgia:<\/strong> Enfermedad de Mary Shotcut, dolores de cabeza o migra\u00f1as, circulaci\u00f3n, post entreno, contracturas o golpes.<\/p>\n<p class=\"p2\">Relajarse.<\/p>\n","protected":false},"excerpt":{"rendered":"<p>\u201cBienestar natural para tu cuerpo Mu\u00e9vete libremente sin dolor\u201d Cal\u00e9ndula: propiedades antiinflamatorias, antis\u00e9pticas, cicatrizantes y calmantes Mentol: Act\u00faa como analg\u00e9sico t\u00f3pico leve: reducemolestias musculares, articulares o dolores de cabeza.. Acci\u00f3n Antiinflamatoria:\u00a0Estimula la circulaci\u00f3n (Favorece el flujo sangu\u00edneo local, acelerando la recuperaci\u00f3n muscular y reduciendo la sensaci\u00f3n de pesadez) Efecto Calmante y Antipruriginoso CLAVO DE OLOR: [&hellip;]<\/p>\n","protected":false},"featured_media":0,"template":"","meta":[],"product_brand":[],"product_cat":[72],"product_tag":[],"class_list":{"0":"post-923","1":"product","2":"type-product","3":"status-publish","5":"product_cat-cremas","7":"first","8":"instock","9":"shipping-taxable","10":"purchasable","11":"product-type-simple"},"jetpack_sharing_enabled":true,"_links":{"self":[{"href":"https:\/\/esenciacosmetica.com\/index.php?rest_route=\/wp\/v2\/product\/923","targetHints":{"allow":["GET"]}}],"collection":[{"href":"https:\/\/esenciacosmetica.com\/index.php?rest_route=\/wp\/v2\/product"}],"about":[{"href":"https:\/\/esenciacosmetica.com\/index.php?rest_route=\/wp\/v2\/types\/product"}],"wp:attachment":[{"href":"https:\/\/esenciacosmetica.com\/index.php?rest_route=%2Fwp%2Fv2%2Fmedia&parent=923"}],"wp:term":[{"taxonomy":"product_brand","embeddable":true,"href":"https:\/\/esenciacosmetica.com\/index.php?rest_route=%2Fwp%2Fv2%2Fproduct_brand&post=923"},{"taxonomy":"product_cat","embeddable":true,"href":"https:\/\/esenciacosmetica.com\/index.php?rest_route=%2Fwp%2Fv2%2Fproduct_cat&post=923"},{"taxonomy":"product_tag","embeddable":true,"href":"https:\/\/esenciacosmetica.com\/index.php?rest_route=%2Fwp%2Fv2%2Fproduct_tag&post=923"}],"curies":[{"name":"wp","href":"https:\/\/api.w.org\/{rel}","templated":true}]}}