{"id":902,"date":"2025-12-10T22:41:41","date_gmt":"2025-12-10T22:41:41","guid":{"rendered":"https:\/\/esenciacosmetica.com\/?post_type=product&#038;p=902"},"modified":"2025-12-11T00:09:50","modified_gmt":"2025-12-11T00:09:50","slug":"serum-de-romero","status":"publish","type":"product","link":"https:\/\/esenciacosmetica.com\/?product=serum-de-romero","title":{"rendered":"S\u00e9rum de Romero"},"content":{"rendered":"<p class=\"p1\"><strong>PIEL JOVEN<\/strong><\/p>\n<p class=\"p1\"><strong>RELAJANTE Y CALMA<\/strong><\/p>\n<p class=\"p2\"><strong>Romero:<\/strong> Reduce arrugas y l\u00edneas de expresi\u00f3n. Es apto para todo tipo de pieles, seca, mixta o grasa y es descongestivo, refrescante y astringente. El romero tiene cualidades calmantes y antiinflamatorias. Acn\u00e9.<\/p>\n<p class=\"p2\"><strong>Rosa Mosqueta:<\/strong> Regulaci\u00f3n de la elasticidad y en el restablecimiento de la hidrataci\u00f3n. Efecto regenerador y reparador.<\/p>\n<p class=\"p2\"><strong>Antioxidante y antienvejecimiento:<\/strong>\u00a0Capacidad de reducci\u00f3n de las manchas. ayudar a la correcta cicatrizaci\u00f3n.<\/p>\n","protected":false},"excerpt":{"rendered":"<p>PIEL JOVEN RELAJANTE Y CALMA Romero: Reduce arrugas y l\u00edneas de expresi\u00f3n. Es apto para todo tipo de pieles, seca, mixta o grasa y es descongestivo, refrescante y astringente. El romero tiene cualidades calmantes y antiinflamatorias. Acn\u00e9. Rosa Mosqueta: Regulaci\u00f3n de la elasticidad y en el restablecimiento de la hidrataci\u00f3n. Efecto regenerador y reparador. Antioxidante [&hellip;]<\/p>\n","protected":false},"featured_media":945,"template":"","meta":[],"product_brand":[],"product_cat":[71],"product_tag":[],"class_list":{"0":"post-902","1":"product","2":"type-product","3":"status-publish","4":"has-post-thumbnail","6":"product_cat-serum","8":"first","9":"instock","10":"featured","11":"shipping-taxable","12":"purchasable","13":"product-type-variable"},"jetpack_sharing_enabled":true,"_links":{"self":[{"href":"https:\/\/esenciacosmetica.com\/index.php?rest_route=\/wp\/v2\/product\/902","targetHints":{"allow":["GET"]}}],"collection":[{"href":"https:\/\/esenciacosmetica.com\/index.php?rest_route=\/wp\/v2\/product"}],"about":[{"href":"https:\/\/esenciacosmetica.com\/index.php?rest_route=\/wp\/v2\/types\/product"}],"wp:featuredmedia":[{"embeddable":true,"href":"https:\/\/esenciacosmetica.com\/index.php?rest_route=\/wp\/v2\/media\/945"}],"wp:attachment":[{"href":"https:\/\/esenciacosmetica.com\/index.php?rest_route=%2Fwp%2Fv2%2Fmedia&parent=902"}],"wp:term":[{"taxonomy":"product_brand","embeddable":true,"href":"https:\/\/esenciacosmetica.com\/index.php?rest_route=%2Fwp%2Fv2%2Fproduct_brand&post=902"},{"taxonomy":"product_cat","embeddable":true,"href":"https:\/\/esenciacosmetica.com\/index.php?rest_route=%2Fwp%2Fv2%2Fproduct_cat&post=902"},{"taxonomy":"product_tag","embeddable":true,"href":"https:\/\/esenciacosmetica.com\/index.php?rest_route=%2Fwp%2Fv2%2Fproduct_tag&post=902"}],"curies":[{"name":"wp","href":"https:\/\/api.w.org\/{rel}","templated":true}]}}