{"id":885,"date":"2025-12-10T21:04:53","date_gmt":"2025-12-10T21:04:53","guid":{"rendered":"https:\/\/esenciacosmetica.com\/?post_type=product&#038;p=885"},"modified":"2025-12-11T00:15:07","modified_gmt":"2025-12-11T00:15:07","slug":"sal-rosada-marina-100-gr","status":"publish","type":"product","link":"https:\/\/esenciacosmetica.com\/?product=sal-rosada-marina-100-gr","title":{"rendered":"Sal Rosada &#038; Marina +100 gr"},"content":{"rendered":"<p class=\"p1\"><strong>Revitaliza e ilumina<\/strong> la piel; exfolia y alisa la epidermis, eliminando las impurezas y c\u00e9lulas muertas; ayuda a estimular la<\/p>\n<p class=\"p1\">microcirculaci\u00f3n cut\u00e1nea gracias al masaje exfoliante; y garantiza un elevado aporte de hidrataci\u00f3n a los tejidos cut\u00e1neos.<\/p>\n","protected":false},"excerpt":{"rendered":"<p>Revitaliza e ilumina la piel; exfolia y alisa la epidermis, eliminando las impurezas y c\u00e9lulas muertas; ayuda a estimular la microcirculaci\u00f3n cut\u00e1nea gracias al masaje exfoliante; y garantiza un elevado aporte de hidrataci\u00f3n a los tejidos cut\u00e1neos.<\/p>\n","protected":false},"featured_media":0,"template":"","meta":[],"product_brand":[],"product_cat":[70],"product_tag":[],"class_list":{"0":"post-885","1":"product","2":"type-product","3":"status-publish","5":"product_cat-jabon-cara-y-cuerpo","7":"first","8":"instock","9":"shipping-taxable","10":"purchasable","11":"product-type-simple"},"jetpack_sharing_enabled":true,"_links":{"self":[{"href":"https:\/\/esenciacosmetica.com\/index.php?rest_route=\/wp\/v2\/product\/885","targetHints":{"allow":["GET"]}}],"collection":[{"href":"https:\/\/esenciacosmetica.com\/index.php?rest_route=\/wp\/v2\/product"}],"about":[{"href":"https:\/\/esenciacosmetica.com\/index.php?rest_route=\/wp\/v2\/types\/product"}],"wp:attachment":[{"href":"https:\/\/esenciacosmetica.com\/index.php?rest_route=%2Fwp%2Fv2%2Fmedia&parent=885"}],"wp:term":[{"taxonomy":"product_brand","embeddable":true,"href":"https:\/\/esenciacosmetica.com\/index.php?rest_route=%2Fwp%2Fv2%2Fproduct_brand&post=885"},{"taxonomy":"product_cat","embeddable":true,"href":"https:\/\/esenciacosmetica.com\/index.php?rest_route=%2Fwp%2Fv2%2Fproduct_cat&post=885"},{"taxonomy":"product_tag","embeddable":true,"href":"https:\/\/esenciacosmetica.com\/index.php?rest_route=%2Fwp%2Fv2%2Fproduct_tag&post=885"}],"curies":[{"name":"wp","href":"https:\/\/api.w.org\/{rel}","templated":true}]}}